{"id":2798,"date":"2015-07-07T12:40:26","date_gmt":"2015-07-07T12:40:26","guid":{"rendered":"http:\/\/amicaleggd91.org\/index.php\/home\/"},"modified":"2025-05-07T18:13:33","modified_gmt":"2025-05-07T16:13:33","slug":"home","status":"publish","type":"page","link":"https:\/\/amicaleggd91.fr\/","title":{"rendered":"Home"},"content":{"rendered":"<section class=\"wpb-content-wrapper\"><p>[vc_row section_type=\u00a0\u00bbfullwidth-element\u00a0\u00bb][vc_column]<div class=\"eut-element eut-carousel-wrapper\"  style=\" \"><div class=\"eut-carousel-navigation eut-dark\" data-navigation-type=\"1\">\t<div class=\"eut-carousel-buttons\">\t\t<div class=\"eut-carousel-prev eut-icon-nav-left\"><\/div>\t\t<div class=\"eut-carousel-next eut-icon-nav-right\"><\/div>\t<\/div><\/div><div class=\"eut-slider eut-carousel-element \" data-slider-speed=\"3500\" data-slider-pause=\"no\" data-navigation-type=\"1\" data-slider-autoplay=\"yes\" data-slider-autoheight=\"no\"><div class=\"eut-slider-item\"><figure><div class=\"eut-media\"><img loading=\"lazy\" decoding=\"async\" width=\"1920\" height=\"815\" src=\"https:\/\/amicaleggd91.fr\/wp-content\/uploads\/2024\/06\/surbus-1920x815.jpg\" class=\"attachment-eut-image-fullscreen size-eut-image-fullscreen\" alt=\"\" srcset=\"https:\/\/amicaleggd91.fr\/wp-content\/uploads\/2024\/06\/surbus-1920x815.jpg 1920w, https:\/\/amicaleggd91.fr\/wp-content\/uploads\/2024\/06\/surbus-300x127.jpg 300w, https:\/\/amicaleggd91.fr\/wp-content\/uploads\/2024\/06\/surbus-1024x434.jpg 1024w, https:\/\/amicaleggd91.fr\/wp-content\/uploads\/2024\/06\/surbus-768x326.jpg 768w, https:\/\/amicaleggd91.fr\/wp-content\/uploads\/2024\/06\/surbus-1536x652.jpg 1536w, https:\/\/amicaleggd91.fr\/wp-content\/uploads\/2024\/06\/surbus-500x212.jpg 500w, https:\/\/amicaleggd91.fr\/wp-content\/uploads\/2024\/06\/surbus-800x339.jpg 800w, https:\/\/amicaleggd91.fr\/wp-content\/uploads\/2024\/06\/surbus-1280x543.jpg 1280w\" sizes=\"auto, (max-width: 1920px) 100vw, 1920px\" \/><\/div><\/figure><\/div>\t<\/div><\/div>[\/vc_column][\/vc_row][vc_row][vc_column]<div class=\"eut-element eut-hr \" style=\"\"><div class=\"eut-line-divider\"><\/div><\/div>[\/vc_column][\/vc_row][vc_row header_feature=\u00a0\u00bbyes\u00a0\u00bb padding_top=\u00a0\u00bb120&Prime; padding_bottom=\u00a0\u00bb120&Prime; margin_bottom=\u00a0\u00bb0&Prime;][vc_column][vc_column_text animation=\u00a0\u00bbfadeInLeft\u00a0\u00bb]<\/p>\n<h1 class=\"elementor-heading-title elementor-size-default\">Amicale du Groupement de Gendarmerie de l\u2019Essonne<\/h1>\n<p>[\/vc_column_text]<div class=\"eut-element eut-box eut-align-center\" style=\"\"><div class=\"eut-media\"><img loading=\"lazy\" decoding=\"async\" width=\"2560\" height=\"881\" src=\"https:\/\/amicaleggd91.fr\/wp-content\/uploads\/2024\/06\/moto.jpg\" class=\"attachment-full size-full\" alt=\"\" srcset=\"https:\/\/amicaleggd91.fr\/wp-content\/uploads\/2024\/06\/moto.jpg 2560w, https:\/\/amicaleggd91.fr\/wp-content\/uploads\/2024\/06\/moto-300x103.jpg 300w, https:\/\/amicaleggd91.fr\/wp-content\/uploads\/2024\/06\/moto-1024x352.jpg 1024w, https:\/\/amicaleggd91.fr\/wp-content\/uploads\/2024\/06\/moto-768x264.jpg 768w, https:\/\/amicaleggd91.fr\/wp-content\/uploads\/2024\/06\/moto-1536x529.jpg 1536w, https:\/\/amicaleggd91.fr\/wp-content\/uploads\/2024\/06\/moto-500x172.jpg 500w, https:\/\/amicaleggd91.fr\/wp-content\/uploads\/2024\/06\/moto-800x275.jpg 800w, https:\/\/amicaleggd91.fr\/wp-content\/uploads\/2024\/06\/moto-1280x441.jpg 1280w, https:\/\/amicaleggd91.fr\/wp-content\/uploads\/2024\/06\/moto-1920x661.jpg 1920w\" sizes=\"auto, (max-width: 2560px) 100vw, 2560px\" \/><\/div>  <div class=\"eut-box-content\">    <p><\/p>  <\/div><\/div>[vc_column_text text_style=\u00a0\u00bbleader-text\u00a0\u00bb animation=\u00a0\u00bbfadeInLeft\u00a0\u00bb animation_delay=\u00a0\u00bb250&Prime;]<\/p>\n<div class=\"eut-row eut-bookmark\">\n<div class=\"wpb_column eut-column eut-column-1\">\n<div class=\"eut-element eut-text eut-animated-item eut-fadeInLeft eut-leader-text eut-animated\" data-delay=\"250\">\n<p>Lorsque nous avons cr\u00e9\u00e9 l\u2019Amicale, en 2019, nous avons d\u00e9fini 3 grandes priorit\u00e9s\u2026<\/p>\n<\/div>\n<\/div>\n<\/div>\n<p>[\/vc_column_text][\/vc_column][\/vc_row][vc_row margin_bottom=\u00a0\u00bb0&Prime; padding_bottom=\u00a0\u00bb120&Prime;][vc_column width=\u00a0\u00bb1\/3&Prime;]<div class=\"eut-element eut-slogan eut-align-left eut-animated-item eut-fadeInLeft\" style=\"\" data-delay=\"300\"><h4 class=\"eut-slogan-title eut-align-left eut-title-no-line\"><span>\ud83d\udce2 Rayonnement<\/span><\/h4>  <p class=\"\">L\u2019action quotidienne des gendarmes d\u00e9partementaux et leurs renforts, au profit de la population essonnienne est souvent m\u00e9connue. L\u2019Amicale participe \u00e0 la faire connaitre et \u00e0 rapprocher les gendarmes de la population.<\/p><\/div>[\/vc_column][vc_column width=\u00a0\u00bb1\/3&Prime;]<div class=\"eut-element eut-slogan eut-align-left eut-animated-item eut-fadeInLeft\" style=\"\" data-delay=\"400\"><h4 class=\"eut-slogan-title eut-align-left eut-title-no-line\"><span>\ud83e\udd1d Coh\u00e9sion<\/span><\/h4>  <p class=\"\">L\u2019Amicale souhaite favoriser la coh\u00e9sion \u2013 valeur militaire par excellence \u2013 notamment en accompagnant les nouveaux affect\u00e9s ou en organisant des \u00e9v\u00e9nements solidaires, culturels, festifs ou protocolaires.<\/p><\/div>[\/vc_column][vc_column width=\u00a0\u00bb1\/3&Prime;]<div class=\"eut-element eut-slogan eut-align-left eut-animated-item eut-fadeInLeft\" style=\"\" data-delay=\"500\"><h4 class=\"eut-slogan-title eut-align-left eut-title-no-line\"><span>\ud83d\udca1 Cadre de vie\/travail<\/span><\/h4>  <p class=\"\">\u00catre bien au travail, c\u2019est quand m\u00eame mieux ! Pour se faire, l\u2019Amicale met en \u0153uvre de nombreuses actions en direction des gendarmes et de leur famille (am\u00e9lioration du casernement et des locaux de service, loisirs et sorties \u00e0 tarif r\u00e9duit, etc.)<\/p><\/div>[\/vc_column][\/vc_row][vc_row][vc_column width=\u00a0\u00bb1\/3&Prime;]<div class=\"eut-element eut-slogan eut-align-center\" style=\"\"><h2 class=\"eut-slogan-title eut-align-center eut-title-no-line\"><span>Adh\u00e9rer \u00e0 l'amicale<\/span><\/h2>  <p class=\"eut-leader-text\">B\u00e9n\u00e9ficiez de r\u00e9ductions sur nos produits et nos ventes priv\u00e9es pour 10 \u20ac\/an.<\/p><div class=\"eut-btn-wrapper\"><a class=\"eut-btn eut-btn-medium eut-round eut-bg-primary-1\" href=\"https:\/\/amicaleggd91.org\/index.php\/adherer\/\" target=\"_self\" style=\"\"><span>ADHERER<\/span><\/a><\/div><\/div>[\/vc_column][vc_column width=\u00a0\u00bb1\/3&Prime;]<div class=\"eut-element eut-image eut-align-center\" style=\"\"><img loading=\"lazy\" decoding=\"async\" width=\"250\" height=\"250\" src=\"https:\/\/amicaleggd91.fr\/wp-content\/uploads\/2024\/02\/amicale250.png\" class=\"attachment-large size-large\" alt=\"\" srcset=\"https:\/\/amicaleggd91.fr\/wp-content\/uploads\/2024\/02\/amicale250.png 250w, https:\/\/amicaleggd91.fr\/wp-content\/uploads\/2024\/02\/amicale250-150x150.png 150w\" sizes=\"auto, (max-width: 250px) 100vw, 250px\" \/><\/div>[\/vc_column][vc_column width=\u00a0\u00bb1\/3&Prime;]<div class=\"eut-element eut-slogan eut-align-center\" style=\"\"><h2 class=\"eut-slogan-title eut-align-center eut-title-no-line\"><span>Notre boutique<\/span><\/h2>  <p class=\"eut-leader-text\">Acc\u00e9dez \u00e0 notre boutique en ligne<\/p><div class=\"eut-btn-wrapper\"><a class=\"eut-btn eut-btn-medium eut-round eut-bg-primary-1\" href=\"https:\/\/amicaleggd91.org\/index.php\/accueil-boutique\/\" target=\"_self\" style=\"\"><span>BOUTIQUE<\/span><\/a><\/div><\/div>[\/vc_column][\/vc_row][vc_row][vc_column]<div class=\"eut-element eut-image eut-align-center\" style=\"\"><img loading=\"lazy\" decoding=\"async\" width=\"1500\" height=\"327\" src=\"https:\/\/amicaleggd91.fr\/wp-content\/uploads\/2022\/01\/cropped-2018MINT0514_145-scaled-1.jpg\" class=\"attachment-full size-full\" alt=\"\" srcset=\"https:\/\/amicaleggd91.fr\/wp-content\/uploads\/2022\/01\/cropped-2018MINT0514_145-scaled-1.jpg 1500w, https:\/\/amicaleggd91.fr\/wp-content\/uploads\/2022\/01\/cropped-2018MINT0514_145-scaled-1-300x65.jpg 300w, https:\/\/amicaleggd91.fr\/wp-content\/uploads\/2022\/01\/cropped-2018MINT0514_145-scaled-1-1024x223.jpg 1024w, https:\/\/amicaleggd91.fr\/wp-content\/uploads\/2022\/01\/cropped-2018MINT0514_145-scaled-1-768x167.jpg 768w\" sizes=\"auto, (max-width: 1500px) 100vw, 1500px\" \/><\/div>[\/vc_column][\/vc_row][vc_row][vc_column][vc_column_text]<\/p>\n<h1 style=\"text-align: center;\"><strong>Nos nouveaut\u00e9s<\/strong><\/h1>\n<h4 style=\"text-align: center;\"><span>Retrouvez l\u2019ensemble de nos nouveaut\u00e9s !<\/span><\/h4>\n<p>[\/vc_column_text][\/vc_column][\/vc_row][vc_row][vc_column width=\u00a0\u00bb1\/2&Prime;]<div class=\"eut-element eut-image eut-align-center\" style=\"\"><img loading=\"lazy\" decoding=\"async\" width=\"300\" height=\"293\" src=\"https:\/\/amicaleggd91.fr\/wp-content\/uploads\/2025\/02\/4670396117-300x293.jpg\" class=\"attachment-medium size-medium\" alt=\"\" srcset=\"https:\/\/amicaleggd91.fr\/wp-content\/uploads\/2025\/02\/4670396117-300x293.jpg 300w, https:\/\/amicaleggd91.fr\/wp-content\/uploads\/2025\/02\/4670396117-500x488.jpg 500w, https:\/\/amicaleggd91.fr\/wp-content\/uploads\/2025\/02\/4670396117.jpg 698w\" sizes=\"auto, (max-width: 300px) 100vw, 300px\" \/><\/div><div class=\"eut-element eut-slogan eut-align-center\" style=\"\"><div class=\"eut-btn-wrapper\"><a class=\"eut-btn eut-btn-medium eut-square eut-bg-primary-1\" href=\"https:\/\/amicaleggd91.org\/index.php\/accueil-boutique\/Rondaches-collector-c57720270\" target=\"_self\" style=\"\"><span>Rondache collector<\/span><\/a><\/div><\/div>[\/vc_column][vc_column width=\u00a0\u00bb1\/2&Prime;]<div class=\"eut-element eut-image eut-align-center\" style=\"\"><img loading=\"lazy\" decoding=\"async\" width=\"228\" height=\"300\" src=\"https:\/\/amicaleggd91.fr\/wp-content\/uploads\/2025\/02\/4694530085-228x300.png\" class=\"attachment-medium size-medium\" alt=\"\" srcset=\"https:\/\/amicaleggd91.fr\/wp-content\/uploads\/2025\/02\/4694530085-228x300.png 228w, https:\/\/amicaleggd91.fr\/wp-content\/uploads\/2025\/02\/4694530085-779x1024.png 779w, https:\/\/amicaleggd91.fr\/wp-content\/uploads\/2025\/02\/4694530085-768x1010.png 768w, https:\/\/amicaleggd91.fr\/wp-content\/uploads\/2025\/02\/4694530085-1169x1536.png 1169w, https:\/\/amicaleggd91.fr\/wp-content\/uploads\/2025\/02\/4694530085-500x657.png 500w, https:\/\/amicaleggd91.fr\/wp-content\/uploads\/2025\/02\/4694530085-800x1052.png 800w, https:\/\/amicaleggd91.fr\/wp-content\/uploads\/2025\/02\/4694530085-1280x1683.png 1280w, https:\/\/amicaleggd91.fr\/wp-content\/uploads\/2025\/02\/4694530085-1461x1920.png 1461w, https:\/\/amicaleggd91.fr\/wp-content\/uploads\/2025\/02\/4694530085.png 1558w\" sizes=\"auto, (max-width: 228px) 100vw, 228px\" \/><\/div><div class=\"eut-element eut-slogan eut-align-center\" style=\"\"><div class=\"eut-btn-wrapper\"><a class=\"eut-btn eut-btn-medium eut-square eut-bg-primary-1\" href=\"https:\/\/amicaleggd91.org\/index.php\/accueil-boutique\/Priorite-adherents-goodies-edition-prestige-c133408173\" target=\"_self\" style=\"\"><span>Goodies prestige<\/span><\/a><\/div><\/div>[\/vc_column][\/vc_row][vc_row section_type=\u00a0\u00bbfullwidth-element\u00a0\u00bb][vc_column]<div class=\"eut-element eut-carousel-wrapper\"  style=\" \"><div class=\"eut-carousel-navigation eut-dark\" data-navigation-type=\"1\">\t<div class=\"eut-carousel-buttons\">\t\t<div class=\"eut-carousel-prev eut-icon-nav-left\"><\/div>\t\t<div class=\"eut-carousel-next eut-icon-nav-right\"><\/div>\t<\/div><\/div><div class=\"eut-slider eut-carousel-element \" data-slider-speed=\"3500\" data-slider-pause=\"no\" data-navigation-type=\"1\" data-slider-autoplay=\"yes\" data-slider-autoheight=\"no\"><div class=\"eut-slider-item\"><figure><div class=\"eut-media\"><img loading=\"lazy\" decoding=\"async\" width=\"1920\" height=\"529\" src=\"https:\/\/amicaleggd91.fr\/wp-content\/uploads\/2024\/02\/gend2-1920x529.jpg\" class=\"attachment-eut-image-fullscreen size-eut-image-fullscreen\" alt=\"\" srcset=\"https:\/\/amicaleggd91.fr\/wp-content\/uploads\/2024\/02\/gend2-1920x529.jpg 1920w, https:\/\/amicaleggd91.fr\/wp-content\/uploads\/2024\/02\/gend2-300x83.jpg 300w, https:\/\/amicaleggd91.fr\/wp-content\/uploads\/2024\/02\/gend2-1024x282.jpg 1024w, https:\/\/amicaleggd91.fr\/wp-content\/uploads\/2024\/02\/gend2-768x212.jpg 768w, https:\/\/amicaleggd91.fr\/wp-content\/uploads\/2024\/02\/gend2-1536x423.jpg 1536w, https:\/\/amicaleggd91.fr\/wp-content\/uploads\/2024\/02\/gend2-500x138.jpg 500w, https:\/\/amicaleggd91.fr\/wp-content\/uploads\/2024\/02\/gend2-800x220.jpg 800w, https:\/\/amicaleggd91.fr\/wp-content\/uploads\/2024\/02\/gend2-1280x353.jpg 1280w\" sizes=\"auto, (max-width: 1920px) 100vw, 1920px\" \/><\/div><\/figure><\/div><div class=\"eut-slider-item\"><figure><div class=\"eut-media\"><img loading=\"lazy\" decoding=\"async\" width=\"1920\" height=\"573\" src=\"https:\/\/amicaleggd91.fr\/wp-content\/uploads\/2024\/06\/gd-de-dos-1920x573.jpg\" class=\"attachment-eut-image-fullscreen size-eut-image-fullscreen\" alt=\"\" srcset=\"https:\/\/amicaleggd91.fr\/wp-content\/uploads\/2024\/06\/gd-de-dos-1920x573.jpg 1920w, https:\/\/amicaleggd91.fr\/wp-content\/uploads\/2024\/06\/gd-de-dos-300x90.jpg 300w, https:\/\/amicaleggd91.fr\/wp-content\/uploads\/2024\/06\/gd-de-dos-1024x306.jpg 1024w, https:\/\/amicaleggd91.fr\/wp-content\/uploads\/2024\/06\/gd-de-dos-768x229.jpg 768w, https:\/\/amicaleggd91.fr\/wp-content\/uploads\/2024\/06\/gd-de-dos-1536x458.jpg 1536w, https:\/\/amicaleggd91.fr\/wp-content\/uploads\/2024\/06\/gd-de-dos-500x149.jpg 500w, https:\/\/amicaleggd91.fr\/wp-content\/uploads\/2024\/06\/gd-de-dos-800x239.jpg 800w, https:\/\/amicaleggd91.fr\/wp-content\/uploads\/2024\/06\/gd-de-dos-1280x382.jpg 1280w\" sizes=\"auto, (max-width: 1920px) 100vw, 1920px\" \/><\/div><\/figure><\/div>\t<\/div><\/div>[\/vc_column][\/vc_row][vc_row][vc_column width=\u00a0\u00bb1\/2&Prime;]<div class=\"eut-element eut-slogan eut-align-center\" style=\"\"><h1 class=\"eut-slogan-title eut-align-center eut-title-no-line\"><span>Le bureau<\/span><\/h1><div class=\"eut-btn-wrapper\"><a class=\"eut-btn eut-btn-medium eut-square eut-bg-primary-1\" href=\"https:\/\/amicaleggd91.org\/index.php\/le-bureau\/\" target=\"_self\" style=\"\"><span>Le bureau<\/span><\/a><\/div><\/div>[\/vc_column][vc_column width=\u00a0\u00bb1\/2&Prime;]<div class=\"eut-element eut-slogan eut-align-center\" style=\"\"><h1 class=\"eut-slogan-title eut-align-center eut-title-no-line\"><span>Contact<\/span><\/h1><div class=\"eut-btn-wrapper\"><a class=\"eut-btn eut-btn-medium eut-square eut-bg-primary-1\" href=\"https:\/\/amicaleggd91.org\/index.php\/contact\/\" target=\"_self\" style=\"\"><span>Contactez nous<\/span><\/a><\/div><\/div>[\/vc_column][\/vc_row][vc_row][vc_column width=\u00a0\u00bb1\/3&Prime;][\/vc_column][vc_column width=\u00a0\u00bb1\/3&Prime;]<div class=\"eut-element eut-box-icon eut-align-center eut-medium\" style=\"\"><a href=\"https:\/\/www.instagram.com\/amicaleggd91\/\" target=\"_blank\"><div class=\"eut-image-icon\"><img loading=\"lazy\" decoding=\"async\" width=\"1280\" height=\"1280\" src=\"https:\/\/amicaleggd91.fr\/wp-content\/uploads\/2024\/06\/instagram-logo-5744708_1280.png\" class=\"attachment-full size-full\" alt=\"\" srcset=\"https:\/\/amicaleggd91.fr\/wp-content\/uploads\/2024\/06\/instagram-logo-5744708_1280.png 1280w, https:\/\/amicaleggd91.fr\/wp-content\/uploads\/2024\/06\/instagram-logo-5744708_1280-300x300.png 300w, https:\/\/amicaleggd91.fr\/wp-content\/uploads\/2024\/06\/instagram-logo-5744708_1280-1024x1024.png 1024w, https:\/\/amicaleggd91.fr\/wp-content\/uploads\/2024\/06\/instagram-logo-5744708_1280-150x150.png 150w, https:\/\/amicaleggd91.fr\/wp-content\/uploads\/2024\/06\/instagram-logo-5744708_1280-768x768.png 768w, https:\/\/amicaleggd91.fr\/wp-content\/uploads\/2024\/06\/instagram-logo-5744708_1280-500x500.png 500w, https:\/\/amicaleggd91.fr\/wp-content\/uploads\/2024\/06\/instagram-logo-5744708_1280-800x800.png 800w, https:\/\/amicaleggd91.fr\/wp-content\/uploads\/2024\/06\/instagram-logo-5744708_1280-600x600.png 600w, https:\/\/amicaleggd91.fr\/wp-content\/uploads\/2024\/06\/instagram-logo-5744708_1280-1120x1120.png 1120w\" sizes=\"auto, (max-width: 1280px) 100vw, 1280px\" \/><\/div><\/a>  <div class=\"eut-box-content\">  <\/div><\/div>[\/vc_column][vc_column width=\u00a0\u00bb1\/3&Prime;][\/vc_column][\/vc_row]<\/p>\n<\/section>","protected":false},"excerpt":{"rendered":"<p>[vc_row section_type=\u00a0\u00bbfullwidth-element\u00a0\u00bb][vc_column][\/vc_column][\/vc_row][vc_row][vc_column][\/vc_column][\/vc_row][vc_row header_feature=\u00a0\u00bbyes\u00a0\u00bb padding_top=\u00a0\u00bb120&Prime; padding_bottom=\u00a0\u00bb120&Prime; margin_bottom=\u00a0\u00bb0&Prime;][vc_column][vc_column_text animation=\u00a0\u00bbfadeInLeft\u00a0\u00bb] Amicale du Groupement de Gendarmerie de l\u2019Essonne [\/vc_column_text][vc_column_text text_style=\u00a0\u00bbleader-text\u00a0\u00bb animation=\u00a0\u00bbfadeInLeft\u00a0\u00bb animation_delay=\u00a0\u00bb250&Prime;] Lorsque nous avons cr\u00e9\u00e9 l\u2019Amicale, en 2019, nous avons d\u00e9fini 3 grandes priorit\u00e9s\u2026 [\/vc_column_text][\/vc_column][\/vc_row][vc_row margin_bottom=\u00a0\u00bb0&Prime; padding_bottom=\u00a0\u00bb120&Prime;][vc_column width=\u00a0\u00bb1\/3&Prime;][\/vc_column][vc_column width=\u00a0\u00bb1\/3&Prime;][\/vc_column][vc_column width=\u00a0\u00bb1\/3&Prime;][\/vc_column][\/vc_row][vc_row][vc_column width=\u00a0\u00bb1\/3&Prime;][\/vc_column][vc_column width=\u00a0\u00bb1\/3&Prime;][\/vc_column][vc_column width=\u00a0\u00bb1\/3&Prime;][\/vc_column][\/vc_row][vc_row][vc_column][\/vc_column][\/vc_row][vc_row][vc_column][vc_column_text] Nos nouveaut\u00e9s Retrouvez l\u2019ensemble de nos nouveaut\u00e9s ! [\/vc_column_text][\/vc_column][\/vc_row][vc_row][vc_column width=\u00a0\u00bb1\/2&Prime;][\/vc_column][vc_column width=\u00a0\u00bb1\/2&Prime;][\/vc_column][\/vc_row][vc_row section_type=\u00a0\u00bbfullwidth-element\u00a0\u00bb][vc_column][\/vc_column][\/vc_row][vc_row][vc_column width=\u00a0\u00bb1\/2&Prime;][\/vc_column][vc_column width=\u00a0\u00bb1\/2&Prime;][\/vc_column][\/vc_row][vc_row][vc_column width=\u00a0\u00bb1\/3&Prime;][\/vc_column][vc_column [&hellip;]<\/p>\n","protected":false},"author":1,"featured_media":0,"parent":0,"menu_order":0,"comment_status":"closed","ping_status":"closed","template":"","meta":{"_vp_format_video_url":"","_vp_image_focal_point":[],"footnotes":""},"class_list":["post-2798","page","type-page","status-publish","hentry"],"_links":{"self":[{"href":"https:\/\/amicaleggd91.fr\/index.php\/wp-json\/wp\/v2\/pages\/2798","targetHints":{"allow":["GET"]}}],"collection":[{"href":"https:\/\/amicaleggd91.fr\/index.php\/wp-json\/wp\/v2\/pages"}],"about":[{"href":"https:\/\/amicaleggd91.fr\/index.php\/wp-json\/wp\/v2\/types\/page"}],"author":[{"embeddable":true,"href":"https:\/\/amicaleggd91.fr\/index.php\/wp-json\/wp\/v2\/users\/1"}],"replies":[{"embeddable":true,"href":"https:\/\/amicaleggd91.fr\/index.php\/wp-json\/wp\/v2\/comments?post=2798"}],"version-history":[{"count":107,"href":"https:\/\/amicaleggd91.fr\/index.php\/wp-json\/wp\/v2\/pages\/2798\/revisions"}],"predecessor-version":[{"id":7042,"href":"https:\/\/amicaleggd91.fr\/index.php\/wp-json\/wp\/v2\/pages\/2798\/revisions\/7042"}],"wp:attachment":[{"href":"https:\/\/amicaleggd91.fr\/index.php\/wp-json\/wp\/v2\/media?parent=2798"}],"curies":[{"name":"wp","href":"https:\/\/api.w.org\/{rel}","templated":true}]}}